{"id":55,"date":"2021-02-05T16:37:37","date_gmt":"2021-02-05T16:37:37","guid":{"rendered":"https:\/\/dsgi.hu\/main\/?page_id=55"},"modified":"2025-01-04T04:09:17","modified_gmt":"2025-01-04T03:09:17","slug":"kapcsolat","status":"publish","type":"page","link":"https:\/\/www.dsgi.hu\/main\/kapcsolat\/","title":{"rendered":"Kapcsolat"},"content":{"rendered":"\n<p>E-mail: dsgi@dsgi.hu<br>1146 Budapest, Th\u00f6k\u00f6ly \u00fat 104.&nbsp;<br>Telefon +36-1-411-0000<\/p>\n\n\n\n<p>Mobil: + 36 20 33 49 199<br>Skype drszabogyula<\/p>\n\n\n\n<p>DSGI Ergon\u00f3miai M\u00e9rn\u00f6kiroda kft.<br>Business name : DSGI Human Engineering ltd. &#8211;<br>Country : Hungary &#8211;<br>City : Budapest<\/p>\n\n\n\n<p>PIC : 887776981<\/p>\n\n\n\n<p>Organisation ID : E10318915<\/p>\n\n\n\n<p>Registration number : 01-09-437754<\/p>\n\n\n\n<p>VAT number : 12728806<\/p>\n\n\n\n<p>Feln\u0151ttk\u00e9pz\u0151k nyilv\u00e1ntart\u00e1si sz\u00e1ma: B\/2023\/000901<\/p>\n\n\n\n<p>Enged\u00e9lysz\u00e1m: E\/2024\/000062<\/p>\n\n\n\n<p><\/p>\n","protected":false},"excerpt":{"rendered":"<p>E-mail: dsgi@dsgi.hu1146 Budapest, Th\u00f6k\u00f6ly \u00fat 104.&nbsp;Telefon +36-1-411-0000 Mobil: + 36 20 33 49 199Skype drszabogyula DSGI Ergon\u00f3miai M\u00e9rn\u00f6kiroda kft.Business name : DSGI Human Engineering ltd. &#8211;Country : Hungary &#8211;City : Budapest PIC : 887776981 Organisation ID : E10318915 Registration number : 01-09-437754 VAT number : 12728806 Feln\u0151ttk\u00e9pz\u0151k nyilv\u00e1ntart\u00e1si sz\u00e1ma: B\/2023\/000901 Enged\u00e9lysz\u00e1m: E\/2024\/000062<\/p>\n","protected":false},"author":1,"featured_media":0,"parent":0,"menu_order":0,"comment_status":"closed","ping_status":"closed","template":"","meta":{"footnotes":""},"class_list":["post-55","page","type-page","status-publish","hentry"],"yoast_head":"<!-- This site is optimized with the Yoast SEO plugin v26.3 - https:\/\/yoast.com\/wordpress\/plugins\/seo\/ -->\n<title>Kapcsolat - DSGI Ergon\u00f3miai M\u00e9rn\u00f6ki Iroda kft.<\/title>\n<meta name=\"robots\" content=\"index, follow, max-snippet:-1, max-image-preview:large, max-video-preview:-1\" \/>\n<link rel=\"canonical\" href=\"https:\/\/www.dsgi.hu\/main\/kapcsolat\/\" \/>\n<meta property=\"og:locale\" content=\"hu_HU\" \/>\n<meta property=\"og:type\" content=\"article\" \/>\n<meta property=\"og:title\" content=\"Kapcsolat - DSGI Ergon\u00f3miai M\u00e9rn\u00f6ki Iroda kft.\" \/>\n<meta property=\"og:description\" content=\"E-mail: dsgi@dsgi.hu1146 Budapest, Th\u00f6k\u00f6ly \u00fat 104.&nbsp;Telefon +36-1-411-0000 Mobil: + 36 20 33 49 199Skype drszabogyula DSGI Ergon\u00f3miai M\u00e9rn\u00f6kiroda kft.Business name : DSGI Human Engineering ltd. &#8211;Country : Hungary &#8211;City : Budapest PIC : 887776981 Organisation ID : E10318915 Registration number : 01-09-437754 VAT number : 12728806 Feln\u0151ttk\u00e9pz\u0151k nyilv\u00e1ntart\u00e1si sz\u00e1ma: B\/2023\/000901 Enged\u00e9lysz\u00e1m: E\/2024\/000062\" \/>\n<meta property=\"og:url\" content=\"https:\/\/www.dsgi.hu\/main\/kapcsolat\/\" \/>\n<meta property=\"og:site_name\" content=\"DSGI Ergon\u00f3miai M\u00e9rn\u00f6ki Iroda kft.\" \/>\n<meta property=\"article:modified_time\" content=\"2025-01-04T03:09:17+00:00\" \/>\n<meta name=\"twitter:card\" content=\"summary_large_image\" \/>\n<meta name=\"twitter:label1\" content=\"Becs\u00fclt olvas\u00e1si id\u0151\" \/>\n\t<meta name=\"twitter:data1\" content=\"1 perc\" \/>\n<script type=\"application\/ld+json\" class=\"yoast-schema-graph\">{\"@context\":\"https:\/\/schema.org\",\"@graph\":[{\"@type\":\"WebPage\",\"@id\":\"https:\/\/www.dsgi.hu\/main\/kapcsolat\/\",\"url\":\"https:\/\/www.dsgi.hu\/main\/kapcsolat\/\",\"name\":\"Kapcsolat - DSGI Ergon\u00f3miai M\u00e9rn\u00f6ki Iroda kft.\",\"isPartOf\":{\"@id\":\"https:\/\/www.dsgi.hu\/main\/#website\"},\"datePublished\":\"2021-02-05T16:37:37+00:00\",\"dateModified\":\"2025-01-04T03:09:17+00:00\",\"breadcrumb\":{\"@id\":\"https:\/\/www.dsgi.hu\/main\/kapcsolat\/#breadcrumb\"},\"inLanguage\":\"hu\",\"potentialAction\":[{\"@type\":\"ReadAction\",\"target\":[\"https:\/\/www.dsgi.hu\/main\/kapcsolat\/\"]}]},{\"@type\":\"BreadcrumbList\",\"@id\":\"https:\/\/www.dsgi.hu\/main\/kapcsolat\/#breadcrumb\",\"itemListElement\":[{\"@type\":\"ListItem\",\"position\":1,\"name\":\"Kezd\u0151lap\",\"item\":\"https:\/\/www.dsgi.hu\/main\/\"},{\"@type\":\"ListItem\",\"position\":2,\"name\":\"Kapcsolat\"}]},{\"@type\":\"WebSite\",\"@id\":\"https:\/\/www.dsgi.hu\/main\/#website\",\"url\":\"https:\/\/www.dsgi.hu\/main\/\",\"name\":\"DSGI Ergon\u00f3miai M\u00e9rn\u00f6ki Iroda kft.\",\"description\":\"A megval\u00f3sul\u00f3 ergon\u00f3mia\",\"potentialAction\":[{\"@type\":\"SearchAction\",\"target\":{\"@type\":\"EntryPoint\",\"urlTemplate\":\"https:\/\/www.dsgi.hu\/main\/?s={search_term_string}\"},\"query-input\":{\"@type\":\"PropertyValueSpecification\",\"valueRequired\":true,\"valueName\":\"search_term_string\"}}],\"inLanguage\":\"hu\"}]}<\/script>\n<!-- \/ Yoast SEO plugin. -->","yoast_head_json":{"title":"Kapcsolat - DSGI Ergon\u00f3miai M\u00e9rn\u00f6ki Iroda kft.","robots":{"index":"index","follow":"follow","max-snippet":"max-snippet:-1","max-image-preview":"max-image-preview:large","max-video-preview":"max-video-preview:-1"},"canonical":"https:\/\/www.dsgi.hu\/main\/kapcsolat\/","og_locale":"hu_HU","og_type":"article","og_title":"Kapcsolat - DSGI Ergon\u00f3miai M\u00e9rn\u00f6ki Iroda kft.","og_description":"E-mail: dsgi@dsgi.hu1146 Budapest, Th\u00f6k\u00f6ly \u00fat 104.&nbsp;Telefon +36-1-411-0000 Mobil: + 36 20 33 49 199Skype drszabogyula DSGI Ergon\u00f3miai M\u00e9rn\u00f6kiroda kft.Business name : DSGI Human Engineering ltd. &#8211;Country : Hungary &#8211;City : Budapest PIC : 887776981 Organisation ID : E10318915 Registration number : 01-09-437754 VAT number : 12728806 Feln\u0151ttk\u00e9pz\u0151k nyilv\u00e1ntart\u00e1si sz\u00e1ma: B\/2023\/000901 Enged\u00e9lysz\u00e1m: E\/2024\/000062","og_url":"https:\/\/www.dsgi.hu\/main\/kapcsolat\/","og_site_name":"DSGI Ergon\u00f3miai M\u00e9rn\u00f6ki Iroda kft.","article_modified_time":"2025-01-04T03:09:17+00:00","twitter_card":"summary_large_image","twitter_misc":{"Becs\u00fclt olvas\u00e1si id\u0151":"1 perc"},"schema":{"@context":"https:\/\/schema.org","@graph":[{"@type":"WebPage","@id":"https:\/\/www.dsgi.hu\/main\/kapcsolat\/","url":"https:\/\/www.dsgi.hu\/main\/kapcsolat\/","name":"Kapcsolat - DSGI Ergon\u00f3miai M\u00e9rn\u00f6ki Iroda kft.","isPartOf":{"@id":"https:\/\/www.dsgi.hu\/main\/#website"},"datePublished":"2021-02-05T16:37:37+00:00","dateModified":"2025-01-04T03:09:17+00:00","breadcrumb":{"@id":"https:\/\/www.dsgi.hu\/main\/kapcsolat\/#breadcrumb"},"inLanguage":"hu","potentialAction":[{"@type":"ReadAction","target":["https:\/\/www.dsgi.hu\/main\/kapcsolat\/"]}]},{"@type":"BreadcrumbList","@id":"https:\/\/www.dsgi.hu\/main\/kapcsolat\/#breadcrumb","itemListElement":[{"@type":"ListItem","position":1,"name":"Kezd\u0151lap","item":"https:\/\/www.dsgi.hu\/main\/"},{"@type":"ListItem","position":2,"name":"Kapcsolat"}]},{"@type":"WebSite","@id":"https:\/\/www.dsgi.hu\/main\/#website","url":"https:\/\/www.dsgi.hu\/main\/","name":"DSGI Ergon\u00f3miai M\u00e9rn\u00f6ki Iroda kft.","description":"A megval\u00f3sul\u00f3 ergon\u00f3mia","potentialAction":[{"@type":"SearchAction","target":{"@type":"EntryPoint","urlTemplate":"https:\/\/www.dsgi.hu\/main\/?s={search_term_string}"},"query-input":{"@type":"PropertyValueSpecification","valueRequired":true,"valueName":"search_term_string"}}],"inLanguage":"hu"}]}},"_links":{"self":[{"href":"https:\/\/www.dsgi.hu\/main\/wp-json\/wp\/v2\/pages\/55","targetHints":{"allow":["GET"]}}],"collection":[{"href":"https:\/\/www.dsgi.hu\/main\/wp-json\/wp\/v2\/pages"}],"about":[{"href":"https:\/\/www.dsgi.hu\/main\/wp-json\/wp\/v2\/types\/page"}],"author":[{"embeddable":true,"href":"https:\/\/www.dsgi.hu\/main\/wp-json\/wp\/v2\/users\/1"}],"replies":[{"embeddable":true,"href":"https:\/\/www.dsgi.hu\/main\/wp-json\/wp\/v2\/comments?post=55"}],"version-history":[{"count":9,"href":"https:\/\/www.dsgi.hu\/main\/wp-json\/wp\/v2\/pages\/55\/revisions"}],"predecessor-version":[{"id":343,"href":"https:\/\/www.dsgi.hu\/main\/wp-json\/wp\/v2\/pages\/55\/revisions\/343"}],"wp:attachment":[{"href":"https:\/\/www.dsgi.hu\/main\/wp-json\/wp\/v2\/media?parent=55"}],"curies":[{"name":"wp","href":"https:\/\/api.w.org\/{rel}","templated":true}]}}